{"id":78,"date":"2024-12-17T15:59:17","date_gmt":"2024-12-17T14:59:17","guid":{"rendered":"https:\/\/demainfranchevillerespire.fr\/?page_id=78"},"modified":"2026-03-02T11:47:35","modified_gmt":"2026-03-02T10:47:35","slug":"helene-duvivier","status":"publish","type":"page","link":"https:\/\/www.franchevilleencommun.fr\/index.php\/helene-duvivier\/","title":{"rendered":"Ali\u00e9nor Perrard"},"content":{"rendered":"\n<h1 class=\"wp-block-heading has-text-align-center\">Ali\u00e9nor Perrard<\/h1>\n\n\n\n<div class=\"wp-block-columns is-layout-flex wp-container-core-columns-is-layout-28f84493 wp-block-columns-is-layout-flex\">\n<div class=\"wp-block-column is-layout-flow wp-block-column-is-layout-flow\" style=\"flex-basis:66.66%\">\n<p class=\"has-text-align-left\" style=\"font-size:clamp(14px, 0.875rem + ((1vw - 3.2px) * 0.088), 15px);\">Je m&rsquo;appelle Ali\u00e9nor Perrard, j&rsquo;ai 46 ans et je vis \u00e0 Francheville depuis dix ans avec ma famille.<\/p>\n\n\n\n<p class=\"has-text-align-left\">Photographe ind\u00e9pendante sp\u00e9cialis\u00e9e dans les mariages et les portraits de famille, mon parcours m&rsquo;a d&rsquo;abord men\u00e9e vers les langues et l&rsquo;anthropologie apr\u00e8s avoir \u00e9t\u00e9 lyc\u00e9enne \u00e0 Lyon. J&rsquo;ai longtemps enseign\u00e9 le fran\u00e7ais \u00e0 des publics \u00e9trangers dans des structures associatives avant de cr\u00e9er mon entreprise de reportage photo.<\/p>\n\n\n\n<p class=\"has-text-align-left\">Ce qui me pla\u00eet \u00e0 Francheville, c&rsquo;est sa proximit\u00e9 avec la nature et son acc\u00e8s facile \u00e0 Lyon. Je me d\u00e9place au quotidien en transport en commun, que ce soit pour mes cours de violoncelle ou mes rendez-vous professionnels. C&rsquo;est cette qualit\u00e9 de vie que je souhaite pr\u00e9server et renforcer pour toutes et tous !<\/p>\n\n\n\n<p class=\"has-text-align-left\">Tr\u00e8s vite, je me suis investie dans la vie locale : parents d&rsquo;\u00e9l\u00e8ves, association des commer\u00e7ants et quatre ans \u00e0 la pr\u00e9sidence du centre social. Ces engagements m&rsquo;ont permis de mesurer la force du tissu associatif franchevillois et l&rsquo;importance du lien social.<\/p>\n\n\n\n<p class=\"has-text-align-left\">Depuis les \u00e9lections partielles de 2025, je suis conseill\u00e8re municipale minoritaire aux c\u00f4t\u00e9s d&rsquo;H\u00e9l\u00e8ne Duvivier et d&rsquo;Andreu Calvo Huguet. Ma conviction profonde : redonner le pouvoir aux habitantes et aux habitants de Francheville. <\/p>\n\n\n\n<p class=\"has-text-align-left\"><strong>Ali\u00e9nor Perrard<\/strong><br><em>Francheville en Commun<\/em><\/p>\n\n\n\n<div style=\"height:37px\" aria-hidden=\"true\" class=\"wp-block-spacer\"><\/div>\n\n\n\n<blockquote class=\"wp-block-quote is-layout-flow wp-block-quote-is-layout-flow\">\n<p>\u201cJe m\u2019engage pour que l\u2019on construise ensemble une commune o\u00f9 tout le monde a le pouvoir d\u2019agir.\u201d<\/p>\n<\/blockquote>\n\n\n\n<p class=\"has-text-align-right has-accent-1-color has-text-color\" style=\"font-size:clamp(14px, 0.875rem + ((1vw - 3.2px) * 0.088), 15px);\"><em>Ali\u00e9nor Perrard<\/em><\/p>\n<\/div>\n\n\n\n<div class=\"wp-block-column is-vertically-aligned-top is-layout-flow wp-block-column-is-layout-flow\" style=\"flex-basis:35%\">\n<figure class=\"wp-block-image aligncenter size-large\"><img loading=\"lazy\" decoding=\"async\" width=\"683\" height=\"1024\" src=\"https:\/\/www.franchevillerespire.fr\/wp-content\/uploads\/2026\/01\/2026-01-05-AlienorPerrard_FeC-683x1024.jpg\" alt=\"\" class=\"wp-image-623\" srcset=\"https:\/\/www.franchevilleencommun.fr\/wp-content\/uploads\/2026\/01\/2026-01-05-AlienorPerrard_FeC-683x1024.jpg 683w, https:\/\/www.franchevilleencommun.fr\/wp-content\/uploads\/2026\/01\/2026-01-05-AlienorPerrard_FeC-200x300.jpg 200w, https:\/\/www.franchevilleencommun.fr\/wp-content\/uploads\/2026\/01\/2026-01-05-AlienorPerrard_FeC-2000x3000.jpg 2000w, https:\/\/www.franchevilleencommun.fr\/wp-content\/uploads\/2026\/01\/2026-01-05-AlienorPerrard_FeC-scaled.jpg 1706w\" sizes=\"auto, (max-width: 683px) 100vw, 683px\" \/><\/figure>\n<\/div>\n<\/div>\n\n\n\n<p><\/p>\n","protected":false},"excerpt":{"rendered":"<p>Ali\u00e9nor Perrard Je m&rsquo;appelle Ali\u00e9nor Perrard, j&rsquo;ai 46 ans et je vis \u00e0 Francheville depuis dix ans avec ma famille. Photographe ind\u00e9pendante sp\u00e9cialis\u00e9e dans les mariages et les portraits de &hellip; <\/p>\n<p class=\"link-more\"><a href=\"https:\/\/www.franchevilleencommun.fr\/index.php\/helene-duvivier\/\" class=\"more-link\">Lire la suite de<span class=\"screen-reader-text\">\u00ab\u00a0Ali\u00e9nor Perrard\u00a0\u00bb<\/span><\/a><\/p>\n","protected":false},"author":1,"featured_media":0,"parent":0,"menu_order":3,"comment_status":"closed","ping_status":"closed","template":"","meta":{"inspiro_hide_title":false,"footnotes":""},"class_list":["post-78","page","type-page","status-publish","hentry"],"featured_media_urls":[],"_links":{"self":[{"href":"https:\/\/www.franchevilleencommun.fr\/index.php\/wp-json\/wp\/v2\/pages\/78","targetHints":{"allow":["GET"]}}],"collection":[{"href":"https:\/\/www.franchevilleencommun.fr\/index.php\/wp-json\/wp\/v2\/pages"}],"about":[{"href":"https:\/\/www.franchevilleencommun.fr\/index.php\/wp-json\/wp\/v2\/types\/page"}],"author":[{"embeddable":true,"href":"https:\/\/www.franchevilleencommun.fr\/index.php\/wp-json\/wp\/v2\/users\/1"}],"replies":[{"embeddable":true,"href":"https:\/\/www.franchevilleencommun.fr\/index.php\/wp-json\/wp\/v2\/comments?post=78"}],"version-history":[{"count":21,"href":"https:\/\/www.franchevilleencommun.fr\/index.php\/wp-json\/wp\/v2\/pages\/78\/revisions"}],"predecessor-version":[{"id":785,"href":"https:\/\/www.franchevilleencommun.fr\/index.php\/wp-json\/wp\/v2\/pages\/78\/revisions\/785"}],"wp:attachment":[{"href":"https:\/\/www.franchevilleencommun.fr\/index.php\/wp-json\/wp\/v2\/media?parent=78"}],"curies":[{"name":"wp","href":"https:\/\/api.w.org\/{rel}","templated":true}]}}