{"id":547,"date":"2025-01-05T22:24:18","date_gmt":"2025-01-05T21:24:18","guid":{"rendered":"https:\/\/www.franchevillerespire.fr\/?page_id=547"},"modified":"2026-03-02T18:50:10","modified_gmt":"2026-03-02T17:50:10","slug":"notre-programme-pour-les-municipales-2025","status":"publish","type":"page","link":"https:\/\/www.franchevilleencommun.fr\/index.php\/notre-programme-pour-les-municipales-2025\/","title":{"rendered":"Notre programme pour les Municipales 2026"},"content":{"rendered":"\n<h1 class=\"wp-block-heading has-text-align-center\">Notre programme pour les Municipales 2026<\/h1>\n\n\n\n<p class=\"has-text-align-center\">Les \u00e9lections municipales des 15 et 22 mars 2026 aboutiront \u00e0 un mandat de 6 ans \u00e0 la mairie de Francheville. <br><\/p>\n\n\n\n<h2 class=\"wp-block-heading has-text-align-center\">UNE VILLE QUI PROT\u00c8GE<\/h2>\n\n\n\n<p class=\"has-text-align-center\"><\/p>\n\n\n\n<div class=\"wp-block-columns is-layout-flex wp-container-core-columns-is-layout-28f84493 wp-block-columns-is-layout-flex\">\n<div class=\"wp-block-column is-layout-flow wp-block-column-is-layout-flow\">\n<p><strong>SANT\u00c9 &amp; SOLIDARIT\u00c9S<\/strong><\/p>\n\n\n\n<ul class=\"wp-block-list\">\n<li>Cr\u00e9er une cuisine centrale intercommunale, alimentant cr\u00e8ches, \u00e9coles et r\u00e9sidences seniors en repas 75% bio et locaux.<\/li>\n\n\n\n<li>Cr\u00e9er une \u00e9picerie solidaire proposant des produits sains et locaux pour tous, et accorder un local \u00e0 la banque alimentaire.<\/li>\n\n\n\n<li>Cr\u00e9er des maisons de sant\u00e9 pluridisciplinaires, \u00e0 proximit\u00e9 des transports en commun, avec un focus sur la sant\u00e9 mentale.<\/li>\n\n\n\n<li>Former massivement la population aux premiers secours (de l&rsquo;\u00e9cole aux EHPAD)<\/li>\n\n\n\n<li>Cr\u00e9er un guichet unique en mairie pour l&rsquo;accompagnement aux d\u00e9marches administratives<\/li>\n<\/ul>\n<\/div>\n\n\n\n<div class=\"wp-block-column is-layout-flow wp-block-column-is-layout-flow\">\n<h4 class=\"wp-block-heading\"><strong>S\u00c9CURIT\u00c9 ET MOBILIT\u00c9S DOUCES<\/strong><\/h4>\n\n\n\n<ul class=\"wp-block-list\">\n<li>S\u00e9curiser les trajets vers les \u00e9coles par des cheminements pi\u00e9tonniers et des \u00ab rues des enfants \u00bb et en d\u00e9veloppant les modes doux et collectifs (p\u00e9dibus,v\u00e9lobus).<\/li>\n\n\n\n<li>Construire un plan d&rsquo;\u00e9volution des mobilit\u00e9s \u00e0 5-10 ans (stations v\u00e9lo\u2019v en lien avec la M\u00e9tropole).<\/li>\n\n\n\n<li>Strat\u00e9gie et arr\u00eats de covoiturage dans les 4 quartiers<\/li>\n<\/ul>\n\n\n\n<p><\/p>\n\n\n\n<figure class=\"wp-block-image size-large\"><img loading=\"lazy\" decoding=\"async\" width=\"1024\" height=\"540\" src=\"http:\/\/www.franchevilleencommun.fr\/wp-content\/uploads\/2026\/02\/pexels-jahoo-388415-1024x540.jpg\" alt=\"\" class=\"wp-image-672\" srcset=\"https:\/\/www.franchevilleencommun.fr\/wp-content\/uploads\/2026\/02\/pexels-jahoo-388415-1024x540.jpg 1024w, https:\/\/www.franchevilleencommun.fr\/wp-content\/uploads\/2026\/02\/pexels-jahoo-388415-300x158.jpg 300w, https:\/\/www.franchevilleencommun.fr\/wp-content\/uploads\/2026\/02\/pexels-jahoo-388415-2000x1055.jpg 2000w\" sizes=\"auto, (max-width: 1024px) 100vw, 1024px\" \/><\/figure>\n<\/div>\n\n\n\n<div class=\"wp-block-column is-layout-flow wp-block-column-is-layout-flow\">\n<h4 class=\"wp-block-heading\"><strong>R\u00c9SILIENCE &amp; RISQUES CLIMATIQUES<\/strong><\/h4>\n\n\n\n<ul class=\"wp-block-list\">\n<li>Prot\u00e9ger notre sant\u00e9 environnementale : cartographier et d\u00e9polluer les PFAS et perturbateurs endocriniens (pour consommer \u00e0 nouveau les \u0153ufs de nos poules), et adopter un plan canicule adapt\u00e9 aux personnes vuln\u00e9rables face aux risques climatiques.<\/li>\n\n\n\n<li>Favoriser le d\u00e9veloppement de logements sociaux de qualit\u00e9, en respectant un \u00e9quilibre par quartier, et accompagner les locataires dans leurs d\u00e9marches pour la r\u00e9habilitation de leur logement.<\/li>\n\n\n\n<li>Installer des r\u00e9cup\u00e9rateurs d&rsquo;eaux de pluie (pour le nettoyage des rues, l&rsquo;arrosage, les toilettes publiques)<\/li>\n\n\n\n<li>Sortir de l&rsquo;usage des produits chimiques dans les b\u00e2timents communaux.<\/li>\n<\/ul>\n<\/div>\n<\/div>\n\n\n\n<div class=\"wp-block-columns is-layout-flex wp-container-core-columns-is-layout-28f84493 wp-block-columns-is-layout-flex\">\n<div class=\"wp-block-column is-layout-flow wp-block-column-is-layout-flow\">\n<h4 class=\"wp-block-heading\"><strong>TRANQUILLIT\u00c9 PUBLIQUE &amp; ACCUEIL<\/strong><\/h4>\n\n\n\n<ul class=\"wp-block-list\">\n<li>D\u00e9velopper une pr\u00e9sence humaine de proximit\u00e9, garante de la tranquillit\u00e9 publique : police municipale, agents des espaces verts, m\u00e9diateurs, \u00e9ducateurs<\/li>\n\n\n\n<li>D\u00e9velopper des lieux d\u2019accueil d\u2019urgence pour personnes victimes de violence<\/li>\n\n\n\n<li>Favoriser les politiques de pr\u00e9ventions \u00e0 destination des \u00e9coliers et coll\u00e9giens (addictions, violences intra-familiales, violences sexistes et sexuelles, etc.)<\/li>\n<\/ul>\n\n\n\n<p><\/p>\n<\/div>\n\n\n\n<div class=\"wp-block-column is-layout-flow wp-block-column-is-layout-flow\">\n<h4 class=\"wp-block-heading\"><strong>ACCESSIBILIT\u00c9 DE TOUS AUX DROITS FONDAMENTAUX &amp; HANDICAP<\/strong><\/h4>\n\n\n\n<ul class=\"wp-block-list\">\n<li>Favoriser l\u2019implantation d\u2019un point-accueil \u00ab France Services \u00bb pour l\u2019accompagnement des d\u00e9marches administratives et la formation \u00e0 l\u2019usage de l\u2019outil num\u00e9rique.<\/li>\n\n\n\n<li>Favoriser le d\u00e9veloppement de logements sociaux de qualit\u00e9, en respectant un \u00e9quilibre par quartier, et accompagner les locataires dans leurs d\u00e9marches pour la r\u00e9habilitation de leur logement.<\/li>\n\n\n\n<li>Acc\u00e8s \u00e0 une \u00e9nergie abordable pour tous par le pilotage d\u2019initiatives mutualis\u00e9e<\/li>\n<\/ul>\n<\/div>\n<\/div>\n\n\n\n\n\n\n\n\n\n\n\n\n\n\n\n\n\n\n\n\n\n\n\n\n\n\n\n<hr class=\"wp-block-separator has-alpha-channel-opacity\"\/>\n\n\n\n<p><\/p>\n\n\n\n<h2 class=\"wp-block-heading has-text-align-center\">UNE VILLE QUI RASSEMBLE<\/h2>\n\n\n\n<div class=\"wp-block-columns is-layout-flex wp-container-core-columns-is-layout-28f84493 wp-block-columns-is-layout-flex\">\n<div class=\"wp-block-column is-layout-flow wp-block-column-is-layout-flow\">\n<h4 class=\"wp-block-heading\"><strong>D\u00c9MOCRATIE PARTICIPATIVE<\/strong><\/h4>\n\n\n\n<ul class=\"wp-block-list\">\n<li>Mettre en place des conseils de quartier, ouverts d\u00e8s 16 ans, dot\u00e9s d&rsquo;un budget participatif et une assembl\u00e9e citoyenne \u00e0 l\u2019\u00e9chelle de la ville <\/li>\n<\/ul>\n\n\n\n<h4 class=\"wp-block-heading\"><strong>COMMERCE DE PROXIMIT\u00c9<\/strong><\/h4>\n\n\n\n<ul class=\"wp-block-list\">\n<li>Lancer un plan d\u2019urgence pour le commerce de proximit\u00e9 : achat de locaux vacants, location \u00e0 prix raisonnable, fonds de dotation pour les projets des commer\u00e7ants.<\/li>\n<\/ul>\n\n\n\n<ul class=\"wp-block-list\">\n<li>Soutien \u00e0 l\u2019association des commer\u00e7ants : forum annuel des commer\u00e7ants et entrepreneurs pour favoriser leur visibilit\u00e9<\/li>\n\n\n\n<li>Recherche active de nouveaux commer\u00e7ants<\/li>\n<\/ul>\n<\/div>\n\n\n\n<div class=\"wp-block-column is-layout-flow wp-block-column-is-layout-flow\">\n<h4 class=\"wp-block-heading\"><strong>CULTURE &amp; ANIMATION<\/strong><\/h4>\n\n\n\n<ul class=\"wp-block-list\">\n<li>Proposer une offre culturelle diversifi\u00e9e dans des espaces de rencontres et d\u2019\u00e9changes ouverts : ludoth\u00e8que et cin\u00e9ma associatif \u00e0 l\u2019Iris, spectacle vivant dans les quartiers, animations environnementales et artistiques au fort du Bruissin. Organiser des f\u00eates de quartier r\u00e9guli\u00e8res et un festival valorisant le patrimoine b\u00e2ti et naturel de Francheville.<\/li>\n\n\n\n<li>Friches transform\u00e9es en places de village, r\u00e9habilitation du parc des Hermi\u00e8res en verger o\u00f9 convergeront diff\u00e9rentes voies partant des 3 quartiers.<\/li>\n\n\n\n<li>Maison des a\u00een\u00e9s (lieu de rencontre convivial), caf\u00e9 associatif pour multiplier les lieux de rencontres<\/li>\n\n\n\n<li>Restauration ambulante les soirs de spectacle \u00e0 l\u2019Iris pour installer de la convivialit\u00e9.<\/li>\n<\/ul>\n<\/div>\n<\/div>\n\n\n\n<div class=\"wp-block-columns is-layout-flex wp-container-core-columns-is-layout-28f84493 wp-block-columns-is-layout-flex\">\n<div class=\"wp-block-column is-layout-flow wp-block-column-is-layout-flow\">\n<h4 class=\"wp-block-heading\"><strong>SPORT &amp; ASSOCIATIONS<\/strong><\/h4>\n\n\n\n<ul class=\"wp-block-list\">\n<li>Co-construire un plan d\u2019animation de la ville avec les associations et renforcer leur accompagnement (hausse des subventions, moyens mutualis\u00e9s).<\/li>\n\n\n\n<li>Utilisation des salles du Fort du Bruissin pour les associations<\/li>\n\n\n\n<li>Possibilit\u00e9 d&rsquo;utiliser les installations sportives des \u00e9coles les WE et vacances scolaires<\/li>\n\n\n\n<li>Renforcement des missions du centre social avec extension aux 3 quartiers<\/li>\n\n\n\n<li>Local pour la banque alimentaire<\/li>\n<\/ul>\n<\/div>\n\n\n\n<div class=\"wp-block-column is-layout-flow wp-block-column-is-layout-flow\">\n<h4 class=\"wp-block-heading\"><strong>ENVIRONNEMENT &amp; LIEN SOCIAL<\/strong><\/h4>\n\n\n\n<ul class=\"wp-block-list\">\n<li>R\u00e9tablir une navette inter-quartiers gratuite.<\/li>\n\n\n\n<li>Ressourcerie municipale (collecte et valorisation objets)<\/li>\n\n\n\n<li>Accompagnement vers \u00ab\u00a0Francheville ville z\u00e9ro d\u00e9chet\u00a0\u00bb<\/li>\n\n\n\n<li>\u00c9ducation populaire renforc\u00e9e<\/li>\n\n\n\n<li>Favoriser l&rsquo;interg\u00e9n\u00e9rationnel : rencontres, habitat interg\u00e9n\u00e9rationnel, logements \u00e9tudiants CROUS<\/li>\n<\/ul>\n<\/div>\n<\/div>\n\n\n\n\n\n\n\n\n\n\n\n\n\n\n\n\n\n\n\n\n\n\n\n\n\n\n\n\n\n\n\n\n\n\n\n\n\n\n\n\n\n\n\n\n\n\n\n<hr class=\"wp-block-separator has-alpha-channel-opacity\"\/>\n\n\n\n<p><\/p>\n\n\n\n<div class=\"wp-block-columns is-layout-flex wp-container-core-columns-is-layout-28f84493 wp-block-columns-is-layout-flex\">\n<div class=\"wp-block-column is-layout-flow wp-block-column-is-layout-flow\">\n<h2 class=\"wp-block-heading has-text-align-center\">UNE VILLE QUI \u00c9CRIT L&rsquo;AVENIR<\/h2>\n<\/div>\n<\/div>\n\n\n\n<div class=\"wp-block-columns is-layout-flex wp-container-core-columns-is-layout-28f84493 wp-block-columns-is-layout-flex\">\n<div class=\"wp-block-column is-layout-flow wp-block-column-is-layout-flow\">\n<h4 class=\"wp-block-heading\"><strong>\u00c9DUCATION &amp; PETITE ENFANCE<\/strong><\/h4>\n\n\n\n<ul class=\"wp-block-list\">\n<li>Revenir \u00e0 la gratuit\u00e9 des \u00e9tudes scolaires, que la majorit\u00e9 sortante a rendu payantes.<\/li>\n\n\n\n<li>Financer les am\u00e9liorations des \u00e9coles vieillissantes, notamment celle du Ch\u00e2ter.<\/li>\n\n\n\n<li>Am\u00e9liorer l\u2019offre de soutien scolaire aux familles, soutenir les associations qui portent cette mission.<\/li>\n\n\n\n<li>Aires de jeux inventives, naturelles, interg\u00e9n\u00e9rationnelles dans les jardins publics.<\/li>\n<\/ul>\n<\/div>\n\n\n\n<div class=\"wp-block-column is-layout-flow wp-block-column-is-layout-flow\">\n<h4 class=\"wp-block-heading\"><strong>JEUNESSE<\/strong><\/h4>\n\n\n\n<ul class=\"wp-block-list\">\n<li>Cr\u00e9er un pass Jeunes pour les -26 ans avec acc\u00e8s privil\u00e9gi\u00e9 \u00e0 l&rsquo;offre culturelle de la ville et un ch\u00e8que-vacances \u00e0 utiliser dans des activit\u00e9s du territoire.<\/li>\n\n\n\n<li>Cr\u00e9er les assises de la jeunesse : pour l\u2019\u00e9mergence d\u2019une politique autour de la jeunesse (co-construite avec l\u2019\u00c9ducation nationale, les repr\u00e9sentants des lyc\u00e9es et des coll\u00e8ges, la Mission Locale d\u2019Insertion, p\u00f4le emploi, le CCAS, les associations dont c\u2019est la mission, des services Mairie, la m\u00e9tropole, le CMJ)<\/li>\n\n\n\n<li>Accompagner les jeunes dans la recherche de stage, apprentissage, 1er emploi (espace num\u00e9rique de mise en relation)<\/li>\n\n\n\n<li>Ch\u00e8ques vacances pour les jeunes pour favoriser l\u2019autonomie des jeunes qui ne partent pas en vacances et la d\u00e9couverte de leur territoire.<\/li>\n\n\n\n<li>Cr\u00e9er des lieux de rencontre pour les jeunes (notamment au Ch\u00e2ter)<\/li>\n<\/ul>\n<\/div>\n<\/div>\n\n\n\n<div class=\"wp-block-columns is-layout-flex wp-container-core-columns-is-layout-28f84493 wp-block-columns-is-layout-flex\">\n<div class=\"wp-block-column is-layout-flow wp-block-column-is-layout-flow\">\n<h4 class=\"wp-block-heading\"><strong>URBANISME &amp; QUARTIERS<\/strong><\/h4>\n\n\n\n<ul class=\"wp-block-list\">\n<li>R\u00e9aliser d\u00e8s le premier mois du mandat un diagnostic complet sur l&rsquo;accessibilit\u00e9 de la voirie \u00e0 Francheville et programmer les travaux en cons\u00e9quence.<\/li>\n<\/ul>\n\n\n\n<ul class=\"wp-block-list\">\n<li>Repenser notre urbanisme autour de lieux de rencontre interg\u00e9n\u00e9rationnels et de l\u2019esprit village : place centrale \u00e0 Bel Air, cheminement pi\u00e9ton entre les places de l\u2019Europe et du Ch\u00e2ter, am\u00e9lioration des parcs et des aires de jeux pour enfants.<\/li>\n\n\n\n<li>Pr\u00e9parer la suite des Grandes Voisines en lien avec les associations de solidarit\u00e9.<\/li>\n<\/ul>\n\n\n\n<ul class=\"wp-block-list\">\n<li>Mesures de protection dans le r\u00e8glement de ravalement de fa\u00e7ades + travail d\u2019information (r\u00e9unions, plaquettes p\u00e9dagogiques\u2026) avec les acteurs du b\u00e2timent, installation de nichoirs pendant les r\u00e9novations.<\/li>\n\n\n\n<li>Renaturation des cimeti\u00e8res : plantations d\u2019arbres, d\u00e9simperm\u00e9abilisation des all\u00e9es, perc\u00e9e dans les murs d\u2019enceinte, cr\u00e9ation d\u2019une mare.<\/li>\n<\/ul>\n<\/div>\n\n\n\n<div class=\"wp-block-column is-layout-flow wp-block-column-is-layout-flow\">\n<h4 class=\"wp-block-heading\"><strong>TRANSPORTS ET D\u00c9SENCLAVEMENT<\/strong><\/h4>\n\n\n\n<ul class=\"wp-block-list\">\n<li>Soutenir les projets de d\u00e9senclavement de la ville : int\u00e9gration du tram-train au r\u00e9seau TCL, cr\u00e9ation d\u2019un tramway (TEOL) avec les lignes de bus renforc\u00e9es.<\/li>\n\n\n\n<li>Soutenir financi\u00e8rement et humainement un transport \u00e0 la demande associatif avec une navette mairie.<\/li>\n\n\n\n<li>Meilleure liaison avec les bus m\u00e9tropolitains<\/li>\n<\/ul>\n\n\n\n<h4 class=\"wp-block-heading\"><strong>EMPLOI &amp; \u00c9CONOMIE<\/strong><\/h4>\n\n\n\n<ul class=\"wp-block-list\">\n<li>S&rsquo;engager dans \u00ab\u00a0Territoire Z\u00e9ro Ch\u00f4meur\u00a0\u00bb<\/li>\n\n\n\n<li>Clauses sociales, \u00e9cologiques et de production locale dans tous les march\u00e9s publics<\/li>\n<\/ul>\n\n\n\n<h4 class=\"wp-block-heading\"><strong>SERVICE PUBLIC<\/strong><\/h4>\n\n\n\n<ul class=\"wp-block-list\">\n<li>Maisons de quartier multifonctions (lieu-relais assistantes maternelles, accompagnement num\u00e9rique, espace asso)<\/li>\n\n\n\n<li>H\u00f4tel de ville : lieu de rencontre au-del\u00e0 des d\u00e9marches administratives (culture, \u00e9ducation)<\/li>\n<\/ul>\n<\/div>\n\n\n\n<div class=\"wp-block-column is-layout-flow wp-block-column-is-layout-flow\">\n<h4 class=\"wp-block-heading\"><strong>PR\u00c9SERVATION DE L\u2019ENVIRONNEMENT ET DE LA BIODIVERSIT\u00c9 \/ TRANSITION \u00c9COLOGIQUE<\/strong><\/h4>\n\n\n\n<ul class=\"wp-block-list\">\n<li>Pr\u00e9server la vall\u00e9e de l\u2019Yzeron et emp\u00eacher toute construction de barrage.<\/li>\n\n\n\n<li>Faire de Francheville une ville z\u00e9ro carbone : pour les b\u00e2timents publics, d\u00e9veloppement du solaire et r\u00e9novation \u00e9nerg\u00e9tique ; pour les particuliers, accompagnement et march\u00e9s group\u00e9s.<\/li>\n\n\n\n<li>Trajectoire de r\u00e9duction des \u00e9missions de GES compatible avec accords de Paris<\/li>\n<\/ul>\n\n\n\n<ul class=\"wp-block-list\">\n<li>Ville \u00ab\u00a0z\u00e9ro phyto\u00a0\u00bb : accompagnement habitants<\/li>\n\n\n\n<li>Accompagner entreprises, commerces, particuliers pour d\u00e9velopper biodiversit\u00e9 (tonte raisonn\u00e9e, nichoirs, haies)<\/li>\n<\/ul>\n<\/div>\n<\/div>\n\n\n\n<div class=\"wp-block-columns is-layout-flex wp-container-core-columns-is-layout-28f84493 wp-block-columns-is-layout-flex\">\n<div class=\"wp-block-column is-layout-flow wp-block-column-is-layout-flow\"><\/div>\n<\/div>\n\n\n\n<hr class=\"wp-block-separator has-alpha-channel-opacity\"\/>\n\n\n\n<h2 class=\"wp-block-heading has-text-align-center\"><strong>Des id\u00e9es ? Des envies ? Remplissez notre formulaire !<\/strong><\/h2>\n\n\n\n<div class=\"wp-block-columns is-layout-flex wp-container-core-columns-is-layout-28f84493 wp-block-columns-is-layout-flex\">\n<div class=\"wp-block-column is-layout-flow wp-block-column-is-layout-flow\"><\/div>\n\n\n\n<div class=\"wp-block-column has-global-padding is-layout-constrained wp-block-column-is-layout-constrained\">\n<div class=\"wp-block-contact-form-7-contact-form-selector\">\n<div class=\"wpcf7 no-js\" id=\"wpcf7-f658-o1\" lang=\"fr-FR\" dir=\"ltr\" data-wpcf7-id=\"658\">\n<div class=\"screen-reader-response\"><p role=\"status\" aria-live=\"polite\" aria-atomic=\"true\"><\/p> <ul><\/ul><\/div>\n<form action=\"\/index.php\/wp-json\/wp\/v2\/pages\/547#wpcf7-f658-o1\" method=\"post\" class=\"wpcf7-form init\" name=\"administrateurfranchevillerespire.fr\" aria-label=\"Contact\" novalidate=\"novalidate\" data-status=\"init\">\n<fieldset class=\"hidden-fields-container\"><input type=\"hidden\" name=\"_wpcf7\" value=\"658\" \/><input type=\"hidden\" name=\"_wpcf7_version\" value=\"6.1.5\" \/><input type=\"hidden\" name=\"_wpcf7_locale\" value=\"fr_FR\" \/><input type=\"hidden\" name=\"_wpcf7_unit_tag\" value=\"wpcf7-f658-o1\" \/><input type=\"hidden\" name=\"_wpcf7_container_post\" value=\"0\" \/><input type=\"hidden\" name=\"_wpcf7_posted_data_hash\" value=\"\" \/>\n<\/fieldset>\n<p><label> Votre nom<br \/>\n<span class=\"wpcf7-form-control-wrap\" data-name=\"your-name\"><input size=\"40\" maxlength=\"400\" class=\"wpcf7-form-control wpcf7-text wpcf7-validates-as-required\" autocomplete=\"name\" aria-required=\"true\" aria-invalid=\"false\" value=\"\" type=\"text\" name=\"your-name\" \/><\/span> <\/label>\n<\/p>\n<p><label> Votre e-mail<br \/>\n<span class=\"wpcf7-form-control-wrap\" data-name=\"your-email\"><input size=\"40\" maxlength=\"400\" class=\"wpcf7-form-control wpcf7-email wpcf7-validates-as-required wpcf7-text wpcf7-validates-as-email\" autocomplete=\"email\" aria-required=\"true\" aria-invalid=\"false\" value=\"\" type=\"email\" name=\"your-email\" \/><\/span> <\/label>\n<\/p>\n<p><label> Objet<br \/>\n<span class=\"wpcf7-form-control-wrap\" data-name=\"your-subject\"><input size=\"40\" maxlength=\"400\" class=\"wpcf7-form-control wpcf7-text wpcf7-validates-as-required\" aria-required=\"true\" aria-invalid=\"false\" value=\"\" type=\"text\" name=\"your-subject\" \/><\/span> <\/label>\n<\/p>\n<p><label> Votre message<br \/>\n<span class=\"wpcf7-form-control-wrap\" data-name=\"your-message\"><textarea cols=\"40\" rows=\"10\" maxlength=\"2000\" class=\"wpcf7-form-control wpcf7-textarea\" aria-invalid=\"false\" name=\"your-message\"><\/textarea><\/span> <\/label>\n<\/p>\n<p><input class=\"wpcf7-form-control wpcf7-submit has-spinner\" type=\"submit\" value=\"Envoyer\" \/>\n<\/p><div class=\"wpcf7-response-output\" aria-hidden=\"true\"><\/div>\n<\/form>\n<\/div>\n<\/div>\n<\/div>\n\n\n\n<div class=\"wp-block-column is-layout-flow wp-block-column-is-layout-flow\"><\/div>\n<\/div>\n","protected":false},"excerpt":{"rendered":"<p>Notre programme pour les Municipales 2026 Les \u00e9lections municipales des 15 et 22 mars 2026 aboutiront \u00e0 un mandat de 6 ans \u00e0 la mairie de Francheville. UNE VILLE QUI &hellip; <\/p>\n<p class=\"link-more\"><a href=\"https:\/\/www.franchevilleencommun.fr\/index.php\/notre-programme-pour-les-municipales-2025\/\" class=\"more-link\">Lire la suite de<span class=\"screen-reader-text\">\u00ab\u00a0Notre programme pour les Municipales 2026\u00a0\u00bb<\/span><\/a><\/p>\n","protected":false},"author":1,"featured_media":0,"parent":0,"menu_order":0,"comment_status":"closed","ping_status":"closed","template":"","meta":{"inspiro_hide_title":false,"footnotes":""},"class_list":["post-547","page","type-page","status-publish","hentry"],"featured_media_urls":[],"_links":{"self":[{"href":"https:\/\/www.franchevilleencommun.fr\/index.php\/wp-json\/wp\/v2\/pages\/547","targetHints":{"allow":["GET"]}}],"collection":[{"href":"https:\/\/www.franchevilleencommun.fr\/index.php\/wp-json\/wp\/v2\/pages"}],"about":[{"href":"https:\/\/www.franchevilleencommun.fr\/index.php\/wp-json\/wp\/v2\/types\/page"}],"author":[{"embeddable":true,"href":"https:\/\/www.franchevilleencommun.fr\/index.php\/wp-json\/wp\/v2\/users\/1"}],"replies":[{"embeddable":true,"href":"https:\/\/www.franchevilleencommun.fr\/index.php\/wp-json\/wp\/v2\/comments?post=547"}],"version-history":[{"count":35,"href":"https:\/\/www.franchevilleencommun.fr\/index.php\/wp-json\/wp\/v2\/pages\/547\/revisions"}],"predecessor-version":[{"id":896,"href":"https:\/\/www.franchevilleencommun.fr\/index.php\/wp-json\/wp\/v2\/pages\/547\/revisions\/896"}],"wp:attachment":[{"href":"https:\/\/www.franchevilleencommun.fr\/index.php\/wp-json\/wp\/v2\/media?parent=547"}],"curies":[{"name":"wp","href":"https:\/\/api.w.org\/{rel}","templated":true}]}}