{"id":398,"date":"2024-12-27T11:57:42","date_gmt":"2024-12-27T10:57:42","guid":{"rendered":"https:\/\/www.franchevillerespire.fr\/?page_id=398"},"modified":"2026-03-02T14:47:04","modified_gmt":"2026-03-02T13:47:04","slug":"vincent-plazy","status":"publish","type":"page","link":"https:\/\/www.franchevilleencommun.fr\/index.php\/la-liste\/vincent-plazy\/","title":{"rendered":"Vincent PLAZY"},"content":{"rendered":"\n<div class=\"wp-block-group alignfull has-background has-global-padding is-layout-constrained wp-block-group-is-layout-constrained\" style=\"background-color:#e5e9ec;padding-top:var(--wp--preset--spacing--small);padding-bottom:var(--wp--preset--spacing--small)\">\n<div class=\"wp-block-columns is-layout-flex wp-container-core-columns-is-layout-7db7aa3e wp-block-columns-is-layout-flex\" style=\"padding-right:0;padding-left:0\">\n<div class=\"wp-block-column is-vertically-aligned-center is-layout-flow wp-block-column-is-layout-flow\">\n<div class=\"wp-block-group is-nowrap is-layout-flex wp-container-core-group-is-layout-6c531013 wp-block-group-is-layout-flex\">\n<h2 class=\"wp-block-heading has-x-small-font-size\" style=\"text-transform:lowercase\">64 ans<br>Retrait\u00e9 mobilis\u00e9 dans des actions de solidarit\u00e9<\/h2>\n<\/div>\n\n\n\n<p class=\"has-tertiary-color has-text-color has-link-color has-small-font-size wp-elements-b29aa3cfa6a3459b99091dd59d4ab90f\"><em>\u201cJe m&rsquo;engage pour une ville solidaire, qui assure \u00e0 tous les habitants l&rsquo;attention et la protection souhait\u00e9es pour bien vivre ensemble dans un environnement respectueux de tout \u00eatre vivant.\u201d<\/em><br><\/p>\n<\/div>\n\n\n\n<div class=\"wp-block-column is-layout-flow wp-block-column-is-layout-flow\">\n<figure data-wp-context=\"{&quot;imageId&quot;:&quot;69e5255931e04&quot;}\" data-wp-interactive=\"core\/image\" data-wp-key=\"69e5255931e04\" class=\"wp-block-image aligncenter size-full is-resized wp-lightbox-container\"><img loading=\"lazy\" decoding=\"async\" width=\"229\" height=\"310\" data-wp-class--hide=\"state.isContentHidden\" data-wp-class--show=\"state.isContentVisible\" data-wp-init=\"callbacks.setButtonStyles\" data-wp-on--click=\"actions.showLightbox\" data-wp-on--load=\"callbacks.setButtonStyles\" data-wp-on-window--resize=\"callbacks.setButtonStyles\" src=\"http:\/\/www.franchevilleencommun.fr\/wp-content\/uploads\/2026\/03\/Plan-de-travail-26.png\" alt=\"\" class=\"wp-image-812\" style=\"width:400px;height:auto\" srcset=\"https:\/\/www.franchevilleencommun.fr\/wp-content\/uploads\/2026\/03\/Plan-de-travail-26.png 229w, https:\/\/www.franchevilleencommun.fr\/wp-content\/uploads\/2026\/03\/Plan-de-travail-26-222x300.png 222w\" sizes=\"auto, (max-width: 229px) 100vw, 229px\" \/><button\n\t\t\tclass=\"lightbox-trigger\"\n\t\t\ttype=\"button\"\n\t\t\taria-haspopup=\"dialog\"\n\t\t\taria-label=\"Agrandir\"\n\t\t\tdata-wp-init=\"callbacks.initTriggerButton\"\n\t\t\tdata-wp-on--click=\"actions.showLightbox\"\n\t\t\tdata-wp-style--right=\"state.imageButtonRight\"\n\t\t\tdata-wp-style--top=\"state.imageButtonTop\"\n\t\t>\n\t\t\t<svg xmlns=\"http:\/\/www.w3.org\/2000\/svg\" width=\"12\" height=\"12\" fill=\"none\" viewBox=\"0 0 12 12\">\n\t\t\t\t<path fill=\"#fff\" d=\"M2 0a2 2 0 0 0-2 2v2h1.5V2a.5.5 0 0 1 .5-.5h2V0H2Zm2 10.5H2a.5.5 0 0 1-.5-.5V8H0v2a2 2 0 0 0 2 2h2v-1.5ZM8 12v-1.5h2a.5.5 0 0 0 .5-.5V8H12v2a2 2 0 0 1-2 2H8Zm2-12a2 2 0 0 1 2 2v2h-1.5V2a.5.5 0 0 0-.5-.5H8V0h2Z\" \/>\n\t\t\t<\/svg>\n\t\t<\/button><\/figure>\n<\/div>\n<\/div>\n<\/div>\n\n\n\n<p><\/p>\n","protected":false},"excerpt":{"rendered":"<p>64 ansRetrait\u00e9 mobilis\u00e9 dans des actions de solidarit\u00e9 \u201cJe m&rsquo;engage pour une ville solidaire, qui assure \u00e0 tous les habitants l&rsquo;attention et la protection souhait\u00e9es pour bien vivre ensemble dans &hellip; <\/p>\n<p class=\"link-more\"><a href=\"https:\/\/www.franchevilleencommun.fr\/index.php\/la-liste\/vincent-plazy\/\" class=\"more-link\">Lire la suite de<span class=\"screen-reader-text\">\u00ab\u00a0Vincent PLAZY\u00a0\u00bb<\/span><\/a><\/p>\n","protected":false},"author":1,"featured_media":0,"parent":109,"menu_order":0,"comment_status":"closed","ping_status":"closed","template":"","meta":{"inspiro_hide_title":false,"footnotes":""},"class_list":["post-398","page","type-page","status-publish","hentry"],"featured_media_urls":[],"_links":{"self":[{"href":"https:\/\/www.franchevilleencommun.fr\/index.php\/wp-json\/wp\/v2\/pages\/398","targetHints":{"allow":["GET"]}}],"collection":[{"href":"https:\/\/www.franchevilleencommun.fr\/index.php\/wp-json\/wp\/v2\/pages"}],"about":[{"href":"https:\/\/www.franchevilleencommun.fr\/index.php\/wp-json\/wp\/v2\/types\/page"}],"author":[{"embeddable":true,"href":"https:\/\/www.franchevilleencommun.fr\/index.php\/wp-json\/wp\/v2\/users\/1"}],"replies":[{"embeddable":true,"href":"https:\/\/www.franchevilleencommun.fr\/index.php\/wp-json\/wp\/v2\/comments?post=398"}],"version-history":[{"count":5,"href":"https:\/\/www.franchevilleencommun.fr\/index.php\/wp-json\/wp\/v2\/pages\/398\/revisions"}],"predecessor-version":[{"id":884,"href":"https:\/\/www.franchevilleencommun.fr\/index.php\/wp-json\/wp\/v2\/pages\/398\/revisions\/884"}],"up":[{"embeddable":true,"href":"https:\/\/www.franchevilleencommun.fr\/index.php\/wp-json\/wp\/v2\/pages\/109"}],"wp:attachment":[{"href":"https:\/\/www.franchevilleencommun.fr\/index.php\/wp-json\/wp\/v2\/media?parent=398"}],"curies":[{"name":"wp","href":"https:\/\/api.w.org\/{rel}","templated":true}]}}