{"id":107,"date":"2024-12-18T09:35:51","date_gmt":"2024-12-18T08:35:51","guid":{"rendered":"https:\/\/demainfranchevillerespire.fr\/?page_id=107"},"modified":"2026-02-13T10:46:26","modified_gmt":"2026-02-13T09:46:26","slug":"notre-vision","status":"publish","type":"page","link":"https:\/\/www.franchevilleencommun.fr\/index.php\/notre-vision\/","title":{"rendered":"NOTRE VISION"},"content":{"rendered":"\n<h1 class=\"wp-block-heading has-text-align-center\">Notre vision<\/h1>\n\n\n\n<h2 class=\"wp-block-heading has-text-align-center\" style=\"font-size:clamp(14.642px, 0.915rem + ((1vw - 3.2px) * 0.651), 22px);\">UNE VILLE QUI PROT\u00c8GE<\/h2>\n\n\n\n<p class=\"has-text-align-center\">Permettre des d\u00e9placements s\u00e9curis\u00e9s entre les quartiers pour les pi\u00e9tons et les v\u00e9los, avec une priorit\u00e9 aux d\u00e9placements des \u00e9coliers et coll\u00e9giens.<\/p>\n\n\n\n<p class=\"has-text-align-center\">Garantir l&rsquo;acc\u00e8s \u00e0 une alimentation de qualit\u00e9 et locale, notamment dans les \u00e9coles et la r\u00e9sidence s\u00e9niors.<\/p>\n\n\n\n<hr class=\"wp-block-separator has-alpha-channel-opacity is-style-default\"\/>\n\n\n\n<h2 class=\"wp-block-heading has-text-align-center\" style=\"font-size:clamp(14.642px, 0.915rem + ((1vw - 3.2px) * 0.651), 22px);\">UNE VILLE QUI RASSEMBLE<\/h2>\n\n\n\n<p class=\"has-text-align-center\">Accompagner les associations qui \u0153uvrent pour la solidarit\u00e9, par exemple en pr\u00eatant un local \u00e0 la banque alimentaire et en favorisant l&rsquo;extension du centre social aux trois quartiers.<\/p>\n\n\n\n<hr class=\"wp-block-separator has-alpha-channel-opacity\"\/>\n\n\n\n<h2 class=\"wp-block-heading has-text-align-center\" style=\"font-size:clamp(14.642px, 0.915rem + ((1vw - 3.2px) * 0.651), 22px);\">UNE VILLE QUI \u00c9CRIT L&rsquo;AVENIR <\/h2>\n\n\n\n<p class=\"has-text-align-center\" style=\"font-size:clamp(14px, 0.875rem + ((1vw - 3.2px) * 0.442), 19px);\">Promouvoir des \u00e9v\u00e8nements et des rencontres culturelles et interg\u00e9n\u00e9rationnelles.<\/p>\n\n\n\n<p class=\"has-text-align-center\"><\/p>\n\n\n\n<div class=\"wp-block-columns is-layout-flex wp-container-core-columns-is-layout-66036099 wp-block-columns-is-layout-flex\" style=\"padding-top:0;padding-bottom:0\">\n<div class=\"wp-block-column is-layout-flow wp-block-column-is-layout-flow\">\n<h1 class=\"wp-block-heading has-text-align-left\" style=\"margin-right:0;margin-left:0\">Notre m\u00e9thode<\/h1>\n\n\n\n<h2 class=\"wp-block-heading has-text-align-left\" style=\"border-top-left-radius:0px;border-top-right-radius:0px;border-bottom-left-radius:0px;border-bottom-right-radius:0px\">D\u00e9cider ensemble<\/h2>\n\n\n\n<div class=\"wp-block-columns is-layout-flex wp-container-core-columns-is-layout-28f84493 wp-block-columns-is-layout-flex\">\n<div class=\"wp-block-column is-layout-flow wp-block-column-is-layout-flow\">\n<ul class=\"wp-block-list\">\n<li>D\u00e9mocrative participative<\/li>\n\n\n\n<li>Concertation citoyenne<\/li>\n<\/ul>\n<\/div>\n\n\n\n<div class=\"wp-block-column is-layout-flow wp-block-column-is-layout-flow\"><\/div>\n<\/div>\n\n\n\n<h2 class=\"wp-block-heading has-text-align-left\">Partager \u00e9quitablement<\/h2>\n\n\n\n<p class=\"has-text-align-left\">Chaque euro public au service du plus grand nombre.<\/p>\n\n\n\n<h2 class=\"wp-block-heading has-text-align-left\">Rassembler \u00e9quitablement<\/h2>\n\n\n\n<p class=\"has-text-align-left\">R\u00e9unir les habitantes et les habitants en favorisant les liens entre les quartiers.<\/p>\n<\/div>\n\n\n\n<div class=\"wp-block-column is-vertically-aligned-center is-layout-flow wp-block-column-is-layout-flow\">\n<figure class=\"wp-block-image aligncenter size-large is-resized\" style=\"margin-top:0;margin-right:0;margin-bottom:0;margin-left:0\"><img loading=\"lazy\" decoding=\"async\" width=\"1024\" height=\"540\" src=\"https:\/\/www.franchevilleencommun.fr\/wp-content\/uploads\/2026\/02\/pexels-jahoo-388415-1024x540.jpg\" alt=\"\" class=\"wp-image-672\" style=\"aspect-ratio:0.75;object-fit:cover;width:319px;height:auto\" srcset=\"https:\/\/www.franchevilleencommun.fr\/wp-content\/uploads\/2026\/02\/pexels-jahoo-388415-1024x540.jpg 1024w, https:\/\/www.franchevilleencommun.fr\/wp-content\/uploads\/2026\/02\/pexels-jahoo-388415-300x158.jpg 300w, https:\/\/www.franchevilleencommun.fr\/wp-content\/uploads\/2026\/02\/pexels-jahoo-388415-2000x1055.jpg 2000w\" sizes=\"auto, (max-width: 1024px) 100vw, 1024px\" \/><\/figure>\n<\/div>\n<\/div>\n\n\n\n<hr class=\"wp-block-separator has-alpha-channel-opacity\"\/>\n\n\n\n<blockquote class=\"wp-block-quote is-layout-flow wp-block-quote-is-layout-flow\">\n<p class=\"has-text-align-center\">Nous sommes <strong>Francheville en commun, pour un avenir solidaire<\/strong>. \u00c7a veut dire qu&rsquo;on d\u00e9cide ensemble, qu&rsquo;on partage \u00e9quitablement et qu&rsquo;on construit pour demain en prot\u00e9geant les plus fragiles. C&rsquo;est simple, c&rsquo;est clair, c&rsquo;est notre engagement !<\/p>\n<\/blockquote>\n\n\n\n<figure class=\"wp-block-image aligncenter size-large is-resized\"><img loading=\"lazy\" decoding=\"async\" width=\"1024\" height=\"1024\" src=\"http:\/\/demainfranchevillerespire.fr\/wp-content\/uploads\/2024\/12\/02_logo-1024x1024.png\" alt=\"\" class=\"wp-image-36\" style=\"object-fit:cover;width:344px;height:auto\" srcset=\"https:\/\/www.franchevilleencommun.fr\/wp-content\/uploads\/2024\/12\/02_logo-1024x1024.png 1024w, https:\/\/www.franchevilleencommun.fr\/wp-content\/uploads\/2024\/12\/02_logo-300x300.png 300w, https:\/\/www.franchevilleencommun.fr\/wp-content\/uploads\/2024\/12\/02_logo-150x150.png 150w, https:\/\/www.franchevilleencommun.fr\/wp-content\/uploads\/2024\/12\/02_logo-768x768.png 768w, https:\/\/www.franchevilleencommun.fr\/wp-content\/uploads\/2024\/12\/02_logo.png 1080w\" sizes=\"auto, (max-width: 1024px) 100vw, 1024px\" \/><\/figure>\n","protected":false},"excerpt":{"rendered":"<p>Notre vision UNE VILLE QUI PROT\u00c8GE Permettre des d\u00e9placements s\u00e9curis\u00e9s entre les quartiers pour les pi\u00e9tons et les v\u00e9los, avec une priorit\u00e9 aux d\u00e9placements des \u00e9coliers et coll\u00e9giens. Garantir l&rsquo;acc\u00e8s &hellip; <\/p>\n<p class=\"link-more\"><a href=\"https:\/\/www.franchevilleencommun.fr\/index.php\/notre-vision\/\" class=\"more-link\">Lire la suite de<span class=\"screen-reader-text\">\u00ab\u00a0NOTRE VISION\u00a0\u00bb<\/span><\/a><\/p>\n","protected":false},"author":1,"featured_media":0,"parent":0,"menu_order":2,"comment_status":"closed","ping_status":"closed","template":"","meta":{"inspiro_hide_title":false,"footnotes":""},"class_list":["post-107","page","type-page","status-publish","hentry"],"featured_media_urls":[],"_links":{"self":[{"href":"https:\/\/www.franchevilleencommun.fr\/index.php\/wp-json\/wp\/v2\/pages\/107","targetHints":{"allow":["GET"]}}],"collection":[{"href":"https:\/\/www.franchevilleencommun.fr\/index.php\/wp-json\/wp\/v2\/pages"}],"about":[{"href":"https:\/\/www.franchevilleencommun.fr\/index.php\/wp-json\/wp\/v2\/types\/page"}],"author":[{"embeddable":true,"href":"https:\/\/www.franchevilleencommun.fr\/index.php\/wp-json\/wp\/v2\/users\/1"}],"replies":[{"embeddable":true,"href":"https:\/\/www.franchevilleencommun.fr\/index.php\/wp-json\/wp\/v2\/comments?post=107"}],"version-history":[{"count":31,"href":"https:\/\/www.franchevilleencommun.fr\/index.php\/wp-json\/wp\/v2\/pages\/107\/revisions"}],"predecessor-version":[{"id":683,"href":"https:\/\/www.franchevilleencommun.fr\/index.php\/wp-json\/wp\/v2\/pages\/107\/revisions\/683"}],"wp:attachment":[{"href":"https:\/\/www.franchevilleencommun.fr\/index.php\/wp-json\/wp\/v2\/media?parent=107"}],"curies":[{"name":"wp","href":"https:\/\/api.w.org\/{rel}","templated":true}]}}